{"id":1989,"date":"2024-06-04T01:12:47","date_gmt":"2024-06-04T01:12:47","guid":{"rendered":"https:\/\/senorcraft.com\/?post_type=product&#038;p=1989"},"modified":"2024-06-06T00:32:26","modified_gmt":"2024-06-06T00:32:26","slug":"kawaii-emoji-templates-for-mugs","status":"publish","type":"product","link":"https:\/\/senorcraft.com\/en\/product\/kawaii-emoji-templates-for-mugs\/","title":{"rendered":"Kawaii emoji templates for mugs"},"content":{"rendered":"<h2>Hermosas Plantillas de emojis kawaii para tazas<\/h2>\n<div class=\"flex flex-grow flex-col max-w-full AIPRM__conversation__response\">\n<div class=\"min-h-[20px] text-message flex flex-col items-start whitespace-pre-wrap break-words [.text-message+&amp;]:mt-5 juice:w-full juice:items-end overflow-x-auto gap-2\" dir=\"auto\" data-message-author-role=\"assistant\" data-message-id=\"c05fa153-36ef-4ae0-bf70-910225c5b815\">\n<div class=\"flex w-full flex-col gap-1 juice:empty:hidden juice:first:pt-[3px]\">\n<div class=\"markdown prose w-full break-words dark:prose-invert light\">\n<div class=\"response-container-content ng-tns-c3638638211-20\">\n<div class=\"response-content ng-tns-c3638638211-20\">\n<div class=\"markdown markdown-main-panel\" dir=\"ltr\">\n<div class=\"response-container-content ng-tns-c3638638211-31\">\n<div class=\"response-content ng-tns-c3638638211-31\">\n<div class=\"markdown markdown-main-panel\" dir=\"ltr\">\n<h3 data-sourcepos=\"1:1-1:94\">\u00a1Agrega un toque adorable y divertido a tus tazas con nuestras Plantillas de emojis kawaii!<\/h3>\n<p data-sourcepos=\"3:1-3:50\"><strong>Decora tus tazas con dise\u00f1os de emojis tiernos y expresivos que alegrar\u00e1n tu d\u00eda.<\/strong><\/p>\n<p data-sourcepos=\"5:1-5:18\"><strong>Perfecto para:<\/strong><\/p>\n<ul data-sourcepos=\"7:1-9:9\">\n<li data-sourcepos=\"7:1-7:22\">Ni\u00f1os y adolescentes<\/li>\n<li data-sourcepos=\"8:1-8:30\">Amantes de la cultura kawaii<\/li>\n<li data-sourcepos=\"9:1-9:9\">Regalos originales<\/li>\n<li data-sourcepos=\"10:1-11:0\">Decoraci\u00f3n del hogar<\/li>\n<\/ul>\n<\/div>\n<\/div>\n<\/div>\n<\/div>\n<\/div>\n<\/div>\n<\/div>\n<\/div>\n<\/div>\n<\/div>\n","protected":false},"excerpt":{"rendered":"[su_list icon=\"icon: check-square\" icon_color=\"#b9a5f4\"]<\/p>\n<ul>\n<li><strong>Formato:<\/strong> PNG, PDF, CDR<\/li>\n<li><strong>Cantidad<\/strong>: 28 plantillas<\/li>\n<li><strong>Calidad:<\/strong> Alta resoluci\u00f3n<\/li>\n<li><strong>Uso:<\/strong> Personal y comercial<\/li>\n<li><strong>Descarga:<\/strong> Instant\u00e1nea<\/li>\n<li><strong>Dimensiones<\/strong>: 2363 \u00d7 1123 px<\/li>\n<li><strong>Tama\u00f1o de Archivos<\/strong>: 89 MB<\/li>\n<li><strong>Compresi\u00f3n<\/strong>: ZIP<\/li>\n<li><strong>Regalo:<\/strong> Mockup, patr\u00f3n de caja y plantilla de taza 11OZ<\/li>\n<\/ul>\n<p>[\/su_list]\n","protected":false},"featured_media":1993,"comment_status":"open","ping_status":"closed","template":"","meta":{"_acf_changed":false,"_eb_attr":"","_gspb_post_css":"","pgc_sgb_lightbox_settings":""},"product_brand":[204],"product_cat":[205],"product_tag":[],"class_list":{"0":"post-1989","1":"product","2":"type-product","3":"status-publish","4":"has-post-thumbnail","6":"product_brand-premium","7":"product_cat-plantillas-para-tazas","9":"first","10":"instock","11":"downloadable","12":"virtual","13":"purchasable","14":"product-type-simple"},"acf":[],"ct_brands":[{"id":204,"name":"Premium","slug":"premium"}],"_links":{"self":[{"href":"https:\/\/senorcraft.com\/en\/wp-json\/wp\/v2\/product\/1989","targetHints":{"allow":["GET"]}}],"collection":[{"href":"https:\/\/senorcraft.com\/en\/wp-json\/wp\/v2\/product"}],"about":[{"href":"https:\/\/senorcraft.com\/en\/wp-json\/wp\/v2\/types\/product"}],"replies":[{"embeddable":true,"href":"https:\/\/senorcraft.com\/en\/wp-json\/wp\/v2\/comments?post=1989"}],"wp:featuredmedia":[{"embeddable":true,"href":"https:\/\/senorcraft.com\/en\/wp-json\/wp\/v2\/media\/1993"}],"wp:attachment":[{"href":"https:\/\/senorcraft.com\/en\/wp-json\/wp\/v2\/media?parent=1989"}],"wp:term":[{"taxonomy":"product_brand","embeddable":true,"href":"https:\/\/senorcraft.com\/en\/wp-json\/wp\/v2\/product_brand?post=1989"},{"taxonomy":"product_cat","embeddable":true,"href":"https:\/\/senorcraft.com\/en\/wp-json\/wp\/v2\/product_cat?post=1989"},{"taxonomy":"product_tag","embeddable":true,"href":"https:\/\/senorcraft.com\/en\/wp-json\/wp\/v2\/product_tag?post=1989"}],"curies":[{"name":"wp","href":"https:\/\/api.w.org\/{rel}","templated":true}]}}