{"id":2085,"date":"2024-07-03T21:00:29","date_gmt":"2024-07-03T21:00:29","guid":{"rendered":"https:\/\/senorcraft.com\/?post_type=product&#038;p=2085"},"modified":"2024-07-04T17:29:00","modified_gmt":"2024-07-04T17:29:00","slug":"cup-stencils-intensely-2","status":"publish","type":"product","link":"https:\/\/senorcraft.com\/en\/product\/cup-stencils-intensely-2\/","title":{"rendered":"cup stencils intensely 2"},"content":{"rendered":"<h2>Hermoso Pack de plantillas para tazas intensamente 2 en 3d<\/h2>\n<div class=\"flex flex-grow flex-col max-w-full AIPRM__conversation__response\">\n<div class=\"min-h-[20px] text-message flex flex-col items-start whitespace-pre-wrap break-words [.text-message+&amp;]:mt-5 juice:w-full juice:items-end overflow-x-auto gap-2\" dir=\"auto\" data-message-author-role=\"assistant\" data-message-id=\"c05fa153-36ef-4ae0-bf70-910225c5b815\">\n<div class=\"flex w-full flex-col gap-1 juice:empty:hidden juice:first:pt-[3px]\">\n<div class=\"markdown prose w-full break-words dark:prose-invert light\">\n<div class=\"flex flex-grow flex-col max-w-full AIPRM__conversation__response\">\n<div class=\"min-h-[20px] text-message flex flex-col items-start whitespace-pre-wrap break-words [.text-message+&amp;]:mt-5 juice:w-full juice:items-end overflow-x-auto gap-2\" dir=\"auto\" data-message-author-role=\"assistant\" data-message-id=\"dc7b8e1e-6616-4208-841e-92ad1ff5cb57\">\n<div class=\"flex w-full flex-col gap-1 juice:empty:hidden juice:first:pt-[3px]\">\n<div class=\"markdown prose w-full break-words dark:prose-invert light\">\n<div class=\"flex flex-grow flex-col max-w-full\">\n<div class=\"min-h-[20px] text-message flex flex-col items-start whitespace-pre-wrap break-words [.text-message+&amp;]:mt-5 juice:w-full juice:items-end overflow-x-auto gap-2\" dir=\"auto\" data-message-author-role=\"assistant\" data-message-id=\"3399fee5-a25a-4d72-a6b6-f644c3101849\">\n<div class=\"flex w-full flex-col gap-1 juice:empty:hidden juice:first:pt-[3px]\">\n<div class=\"markdown prose w-full break-words dark:prose-invert light\">\n<p>\u00a1Descubre el <strong>Hermoso Pack de Plantillas para Tazas Intensamente 2 en 3D<\/strong>! \ud83c\udfa8\u2728 Transforma tus tazas en aut\u00e9nticas obras de arte con nuestras plantillas dise\u00f1adas meticulosamente para ofrecerte los mejores resultados en sublimaci\u00f3n. Este pack incluye una variedad de dise\u00f1os vibrantes y detallados que capturar\u00e1n la atenci\u00f3n de todos. Ideal para regalos, eventos especiales o para dar un toque \u00fanico a tus productos. \u00a1No te pierdas la oportunidad de elevar tu creatividad y sorprender con estas incre\u00edbles plantillas en 3D!<\/p>\n<\/div>\n<\/div>\n<\/div>\n<\/div>\n<\/div>\n<\/div>\n<\/div>\n<\/div>\n<\/div>\n<\/div>\n<\/div>\n<\/div>\n","protected":false},"excerpt":{"rendered":"[su_list icon=\"icon: check-square\" icon_color=\"#b9a5f4\"]<\/p>\n<ul>\n<li><strong>Formato:<\/strong> PNG<\/li>\n<li><strong>Cantidad<\/strong>: 15 plantillas<\/li>\n<li><strong>Calidad:<\/strong> Alta resoluci\u00f3n<\/li>\n<li><strong>Uso:<\/strong> Personal y comercial<\/li>\n<li><strong>Descarga:<\/strong> Instant\u00e1nea<\/li>\n<li><strong>Dimensiones<\/strong>: 2362 \u00d7 1063 px<\/li>\n<li><strong>Tama\u00f1o de Archivos<\/strong>: 86 MB<\/li>\n<li><strong>Compresi\u00f3n<\/strong>: ZIP<\/li>\n<li><strong>Regalo:<\/strong> Mockup, patr\u00f3n de caja y plantilla de taza 11OZ<\/li>\n<\/ul>\n<p>[\/su_list]\n","protected":false},"featured_media":2086,"comment_status":"open","ping_status":"closed","template":"","meta":{"_acf_changed":false,"_eb_attr":"","_gspb_post_css":"","pgc_sgb_lightbox_settings":""},"product_brand":[204],"product_cat":[205],"product_tag":[236],"class_list":{"0":"post-2085","1":"product","2":"type-product","3":"status-publish","4":"has-post-thumbnail","6":"product_brand-premium","7":"product_cat-plantillas-para-tazas","8":"product_tag-plantillas-3d","10":"first","11":"instock","12":"sale","13":"downloadable","14":"virtual","15":"purchasable","16":"product-type-simple"},"acf":[],"ct_brands":[{"id":204,"name":"Premium","slug":"premium"}],"_links":{"self":[{"href":"https:\/\/senorcraft.com\/en\/wp-json\/wp\/v2\/product\/2085","targetHints":{"allow":["GET"]}}],"collection":[{"href":"https:\/\/senorcraft.com\/en\/wp-json\/wp\/v2\/product"}],"about":[{"href":"https:\/\/senorcraft.com\/en\/wp-json\/wp\/v2\/types\/product"}],"replies":[{"embeddable":true,"href":"https:\/\/senorcraft.com\/en\/wp-json\/wp\/v2\/comments?post=2085"}],"wp:featuredmedia":[{"embeddable":true,"href":"https:\/\/senorcraft.com\/en\/wp-json\/wp\/v2\/media\/2086"}],"wp:attachment":[{"href":"https:\/\/senorcraft.com\/en\/wp-json\/wp\/v2\/media?parent=2085"}],"wp:term":[{"taxonomy":"product_brand","embeddable":true,"href":"https:\/\/senorcraft.com\/en\/wp-json\/wp\/v2\/product_brand?post=2085"},{"taxonomy":"product_cat","embeddable":true,"href":"https:\/\/senorcraft.com\/en\/wp-json\/wp\/v2\/product_cat?post=2085"},{"taxonomy":"product_tag","embeddable":true,"href":"https:\/\/senorcraft.com\/en\/wp-json\/wp\/v2\/product_tag?post=2085"}],"curies":[{"name":"wp","href":"https:\/\/api.w.org\/{rel}","templated":true}]}}