{"id":2102,"date":"2024-07-10T20:05:30","date_gmt":"2024-07-10T20:05:30","guid":{"rendered":"https:\/\/senorcraft.com\/?post_type=product&#038;p=2102"},"modified":"2024-07-10T20:12:09","modified_gmt":"2024-07-10T20:12:09","slug":"capybara-stencils-for-cups","status":"publish","type":"product","link":"https:\/\/senorcraft.com\/en\/product\/capybara-stencils-for-cups\/","title":{"rendered":"Capybara stencils for cups"},"content":{"rendered":"<h2>Hermoso Pack de Plantillas de capibaras para tazas<\/h2>\n<div class=\"flex flex-grow flex-col max-w-full AIPRM__conversation__response\">\n<div class=\"min-h-[20px] text-message flex flex-col items-start whitespace-pre-wrap break-words [.text-message+&amp;]:mt-5 juice:w-full juice:items-end overflow-x-auto gap-2\" dir=\"auto\" data-message-author-role=\"assistant\" data-message-id=\"c05fa153-36ef-4ae0-bf70-910225c5b815\">\n<div class=\"flex w-full flex-col gap-1 juice:empty:hidden juice:first:pt-[3px]\">\n<div class=\"markdown prose w-full break-words dark:prose-invert light\">\n<div class=\"flex flex-grow flex-col max-w-full AIPRM__conversation__response\">\n<div class=\"min-h-[20px] text-message flex flex-col items-start whitespace-pre-wrap break-words [.text-message+&amp;]:mt-5 juice:w-full juice:items-end overflow-x-auto gap-2\" dir=\"auto\" data-message-author-role=\"assistant\" data-message-id=\"dc7b8e1e-6616-4208-841e-92ad1ff5cb57\">\n<div class=\"flex w-full flex-col gap-1 juice:empty:hidden juice:first:pt-[3px]\">\n<div class=\"markdown prose w-full break-words dark:prose-invert light\">\n<div class=\"flex flex-grow flex-col max-w-full\">\n<div class=\"min-h-[20px] text-message flex flex-col items-start whitespace-pre-wrap break-words [.text-message+&amp;]:mt-5 juice:w-full juice:items-end overflow-x-auto gap-2\" dir=\"auto\" data-message-author-role=\"assistant\" data-message-id=\"3399fee5-a25a-4d72-a6b6-f644c3101849\">\n<div class=\"flex w-full flex-col gap-1 juice:empty:hidden juice:first:pt-[3px]\">\n<div class=\"markdown prose w-full break-words dark:prose-invert light\">\n<div class=\"react-scroll-to-bottom--css-gjirx-1n7m0yu\">\n<div class=\"flex flex-col text-sm md:pb-9\">\n<div class=\"w-full text-token-text-primary sm:AIPRM__conversation__response\" dir=\"auto\" data-testid=\"conversation-turn-3\" data-scroll-anchor=\"true\">\n<div class=\"py-2 juice:py-[18px] px-3 text-base md:px-4 m-auto md:px-5 lg:px-1 xl:px-5\">\n<div class=\"mx-auto flex flex-1 gap-3 text-base juice:gap-4 juice:md:gap-5 juice:lg:gap-6 md:max-w-3xl lg:max-w-[40rem] xl:max-w-[48rem]\">\n<div class=\"group\/conversation-turn relative flex w-full min-w-0 flex-col agent-turn\">\n<div class=\"flex-col gap-1 md:gap-3\">\n<div class=\"flex flex-grow flex-col max-w-full AIPRM__conversation__response\">\n<div class=\"min-h-[20px] text-message flex flex-col items-start whitespace-pre-wrap break-words [.text-message+&amp;]:mt-5 juice:w-full juice:items-end overflow-x-auto gap-2\" dir=\"auto\" data-message-author-role=\"assistant\" data-message-id=\"7cba88a4-2081-4791-986a-b08a45a38274\">\n<div class=\"flex w-full flex-col gap-1 juice:empty:hidden juice:first:pt-[3px]\">\n<div class=\"result-streaming markdown prose w-full break-words dark:prose-invert light\">\n<p>\u00a1Embellece tus tazas con nuestro \u00abHermoso Pack de Plantillas de Capibaras\u00bb! Incluye dise\u00f1os \u00fanicos y adorables que har\u00e1n tus creaciones irresistibles. Perfecto para amantes de los animales.<\/p>\n<\/div>\n<\/div>\n<\/div>\n<\/div>\n<\/div>\n<\/div>\n<\/div>\n<\/div>\n<\/div>\n<\/div>\n<\/div>\n<\/div>\n<\/div>\n<\/div>\n<\/div>\n<\/div>\n<\/div>\n<\/div>\n<\/div>\n<\/div>\n<\/div>\n<\/div>\n<\/div>\n","protected":false},"excerpt":{"rendered":"[su_list icon=\"icon: check-square\" icon_color=\"#b9a5f4\"]<\/p>\n<ul>\n<li><strong>Formato:<\/strong> PNG<\/li>\n<li><strong>Cantidad<\/strong>: 12 plantillas<\/li>\n<li><strong>Calidad:<\/strong> Alta resoluci\u00f3n<\/li>\n<li><strong>Uso:<\/strong> Personal y comercial<\/li>\n<li><strong>Descarga:<\/strong> Instant\u00e1nea<\/li>\n<li><strong>Dimensiones<\/strong>: 2480 \u00d7 1110 px<\/li>\n<li><strong>Tama\u00f1o de Archivos<\/strong>: 48 MB<\/li>\n<li><strong>Compresi\u00f3n<\/strong>: ZIP<\/li>\n<li><strong>Regalo:<\/strong> Mockup, patr\u00f3n de caja y plantilla de taza 11OZ<\/li>\n<\/ul>\n<p>[\/su_list]\n","protected":false},"featured_media":2103,"comment_status":"open","ping_status":"closed","template":"","meta":{"_acf_changed":false,"_eb_attr":"","_gspb_post_css":"","pgc_sgb_lightbox_settings":""},"product_brand":[204],"product_cat":[205],"product_tag":[244],"class_list":{"0":"post-2102","1":"product","2":"type-product","3":"status-publish","4":"has-post-thumbnail","6":"product_brand-premium","7":"product_cat-plantillas-para-tazas","8":"product_tag-animales","10":"first","11":"instock","12":"sale","13":"downloadable","14":"virtual","15":"purchasable","16":"product-type-simple"},"acf":[],"ct_brands":[{"id":204,"name":"Premium","slug":"premium"}],"_links":{"self":[{"href":"https:\/\/senorcraft.com\/en\/wp-json\/wp\/v2\/product\/2102","targetHints":{"allow":["GET"]}}],"collection":[{"href":"https:\/\/senorcraft.com\/en\/wp-json\/wp\/v2\/product"}],"about":[{"href":"https:\/\/senorcraft.com\/en\/wp-json\/wp\/v2\/types\/product"}],"replies":[{"embeddable":true,"href":"https:\/\/senorcraft.com\/en\/wp-json\/wp\/v2\/comments?post=2102"}],"wp:featuredmedia":[{"embeddable":true,"href":"https:\/\/senorcraft.com\/en\/wp-json\/wp\/v2\/media\/2103"}],"wp:attachment":[{"href":"https:\/\/senorcraft.com\/en\/wp-json\/wp\/v2\/media?parent=2102"}],"wp:term":[{"taxonomy":"product_brand","embeddable":true,"href":"https:\/\/senorcraft.com\/en\/wp-json\/wp\/v2\/product_brand?post=2102"},{"taxonomy":"product_cat","embeddable":true,"href":"https:\/\/senorcraft.com\/en\/wp-json\/wp\/v2\/product_cat?post=2102"},{"taxonomy":"product_tag","embeddable":true,"href":"https:\/\/senorcraft.com\/en\/wp-json\/wp\/v2\/product_tag?post=2102"}],"curies":[{"name":"wp","href":"https:\/\/api.w.org\/{rel}","templated":true}]}}