{"id":2269,"date":"2025-01-23T01:28:07","date_gmt":"2025-01-23T01:28:07","guid":{"rendered":"https:\/\/senorcraft.com\/?post_type=product&#038;p=2269"},"modified":"2025-01-23T01:45:01","modified_gmt":"2025-01-23T01:45:01","slug":"neon-valentine-mug-stencils-pack","status":"publish","type":"product","link":"https:\/\/senorcraft.com\/en\/product\/neon-valentine-mug-stencils-pack\/","title":{"rendered":"Stencil pack for valentine's day neon mugs"},"content":{"rendered":"<h2>Hermoso Pack de plantillas para tazas san valentin neon<\/h2>\n<div class=\"flex max-w-full flex-col flex-grow\">\n<div class=\"min-h-8 text-message flex w-full flex-col items-end gap-2 whitespace-normal break-words text-start [.text-message+&amp;]:mt-5\" dir=\"auto\" data-message-author-role=\"assistant\" data-message-id=\"2ed05841-b1d7-4cf2-b9f7-e20dc7ad5113\" data-message-model-slug=\"gpt-4o\">\n<div class=\"flex w-full flex-col gap-1 empty:hidden first:pt-[3px]\">\n<div class=\"markdown prose w-full break-words dark:prose-invert light\">\n<p>\u00ab\ud83d\udc96 Sorprende con estilo este San Valent\u00edn \ud83c\udf1f Pack de plantillas para tazas con dise\u00f1os neon \u00fanicos y rom\u00e1nticos. \u00a1Crea regalos inolvidables! \ud83c\udf81 Desc\u00e1rgalo y empieza a dise\u00f1ar hoy.<\/p>\n<\/div>\n<\/div>\n<\/div>\n<\/div>\n","protected":false},"excerpt":{"rendered":"[su_list icon=\"icon: check-square\" icon_color=\"#b9a5f4\"]<\/p>\n<ul>\n<li><strong>Formato:<\/strong> JPG<\/li>\n<li><strong>Cantidad<\/strong>: 6 plantillas<\/li>\n<li><strong>Calidad:<\/strong> Alta resoluci\u00f3n<\/li>\n<li><strong>Uso:<\/strong> Personal y comercial<\/li>\n<li><strong>Descarga:<\/strong> Instant\u00e1nea<\/li>\n<li><strong>Dimensiones<\/strong>: 6000 \u00d7 2700 px<\/li>\n<li><strong>Tama\u00f1o de Archivos<\/strong>: 55 MB<\/li>\n<li><strong>Compresi\u00f3n<\/strong>: ZIP<\/li>\n<li><strong>Regalo:<\/strong> Mockup, patr\u00f3n de caja y plantilla de taza 11OZ<\/li>\n<\/ul>\n<p>[\/su_list]\n","protected":false},"featured_media":2273,"comment_status":"open","ping_status":"closed","template":"","meta":{"_acf_changed":false,"_eb_attr":"","_gspb_post_css":"","pgc_sgb_lightbox_settings":""},"product_brand":[204],"product_cat":[205],"product_tag":[],"class_list":{"0":"post-2269","1":"product","2":"type-product","3":"status-publish","4":"has-post-thumbnail","6":"product_brand-premium","7":"product_cat-plantillas-para-tazas","9":"first","10":"instock","11":"sale","12":"downloadable","13":"virtual","14":"purchasable","15":"product-type-simple"},"acf":[],"ct_brands":[{"id":204,"name":"Premium","slug":"premium"}],"_links":{"self":[{"href":"https:\/\/senorcraft.com\/en\/wp-json\/wp\/v2\/product\/2269","targetHints":{"allow":["GET"]}}],"collection":[{"href":"https:\/\/senorcraft.com\/en\/wp-json\/wp\/v2\/product"}],"about":[{"href":"https:\/\/senorcraft.com\/en\/wp-json\/wp\/v2\/types\/product"}],"replies":[{"embeddable":true,"href":"https:\/\/senorcraft.com\/en\/wp-json\/wp\/v2\/comments?post=2269"}],"wp:featuredmedia":[{"embeddable":true,"href":"https:\/\/senorcraft.com\/en\/wp-json\/wp\/v2\/media\/2273"}],"wp:attachment":[{"href":"https:\/\/senorcraft.com\/en\/wp-json\/wp\/v2\/media?parent=2269"}],"wp:term":[{"taxonomy":"product_brand","embeddable":true,"href":"https:\/\/senorcraft.com\/en\/wp-json\/wp\/v2\/product_brand?post=2269"},{"taxonomy":"product_cat","embeddable":true,"href":"https:\/\/senorcraft.com\/en\/wp-json\/wp\/v2\/product_cat?post=2269"},{"taxonomy":"product_tag","embeddable":true,"href":"https:\/\/senorcraft.com\/en\/wp-json\/wp\/v2\/product_tag?post=2269"}],"curies":[{"name":"wp","href":"https:\/\/api.w.org\/{rel}","templated":true}]}}