{"id":2277,"date":"2025-01-23T02:04:42","date_gmt":"2025-01-23T02:04:42","guid":{"rendered":"https:\/\/senorcraft.com\/?post_type=product&#038;p=2277"},"modified":"2026-03-08T09:13:29","modified_gmt":"2026-03-08T09:13:29","slug":"printable-valentine-boxes","status":"publish","type":"product","link":"https:\/\/senorcraft.com\/en\/product\/printable-valentine-boxes\/","title":{"rendered":"Printable valentine boxes"},"content":{"rendered":"<h2>Hermoso Pack de cajas de san Valent\u00edn para imprimir<\/h2>\n<div class=\"flex max-w-full flex-col flex-grow\">\n<div class=\"min-h-8 text-message flex w-full flex-col items-end gap-2 whitespace-normal break-words text-start [.text-message+&amp;]:mt-5\" dir=\"auto\" data-message-author-role=\"assistant\" data-message-id=\"2ed05841-b1d7-4cf2-b9f7-e20dc7ad5113\" data-message-model-slug=\"gpt-4o\">\n<div class=\"flex w-full flex-col gap-1 empty:hidden first:pt-[3px]\">\n<div class=\"markdown prose w-full break-words dark:prose-invert light\">\n<div class=\"flex max-w-full flex-col flex-grow\">\n<div class=\"min-h-8 text-message flex w-full flex-col items-end gap-2 whitespace-normal break-words text-start [.text-message+&amp;]:mt-5\" dir=\"auto\" data-message-author-role=\"assistant\" data-message-id=\"2618882d-2473-4002-819f-bde3cb65a3c4\" data-message-model-slug=\"gpt-4o\">\n<div class=\"flex w-full flex-col gap-1 empty:hidden first:pt-[3px]\">\n<div class=\"markdown prose w-full break-words dark:prose-invert light\">\n<p>\ud83c\udf81 Haz de este San Valent\u00edn algo especial \ud83c\udf39 Crea tus propias cajas imprimibles con dise\u00f1os rom\u00e1nticos y \u00fanicos. Perfectas para sorprender con estilo. \ud83d\udc8c \u00a1Desc\u00e1rgalas y personaliza tu regalo hoy!<\/p>\n<\/div>\n<\/div>\n<\/div>\n<\/div>\n<\/div>\n<\/div>\n<\/div>\n<\/div>\n","protected":false},"excerpt":{"rendered":"[su_list icon=\"icon: check-square\" icon_color=\"#b9a5f4\"]<\/p>\n<ul>\n<li><strong>Formato:<\/strong> PDF<\/li>\n<li><strong>Cantidad<\/strong>: 15 plantillas<\/li>\n<li><strong>Calidad:<\/strong> Alta resoluci\u00f3n<\/li>\n<li><strong>Uso:<\/strong> Personal y comercial<\/li>\n<li><strong>Descarga:<\/strong> Instant\u00e1nea<\/li>\n<li><strong>Tama\u00f1o de Archivos<\/strong>: 10 Mb<\/li>\n<\/ul>\n<p>[\/su_list]\n","protected":false},"featured_media":2280,"comment_status":"open","ping_status":"closed","template":"","meta":{"_acf_changed":false,"_eb_attr":"","_gspb_post_css":"","pgc_sgb_lightbox_settings":""},"product_brand":[204],"product_cat":[249],"product_tag":[],"class_list":{"0":"post-2277","1":"product","2":"type-product","3":"status-publish","4":"has-post-thumbnail","6":"product_brand-premium","7":"product_cat-cajas","9":"first","10":"instock","11":"sale","12":"downloadable","13":"virtual","14":"purchasable","15":"product-type-simple"},"acf":[],"ct_brands":[{"id":204,"name":"Premium","slug":"premium"}],"_links":{"self":[{"href":"https:\/\/senorcraft.com\/en\/wp-json\/wp\/v2\/product\/2277","targetHints":{"allow":["GET"]}}],"collection":[{"href":"https:\/\/senorcraft.com\/en\/wp-json\/wp\/v2\/product"}],"about":[{"href":"https:\/\/senorcraft.com\/en\/wp-json\/wp\/v2\/types\/product"}],"replies":[{"embeddable":true,"href":"https:\/\/senorcraft.com\/en\/wp-json\/wp\/v2\/comments?post=2277"}],"wp:featuredmedia":[{"embeddable":true,"href":"https:\/\/senorcraft.com\/en\/wp-json\/wp\/v2\/media\/2280"}],"wp:attachment":[{"href":"https:\/\/senorcraft.com\/en\/wp-json\/wp\/v2\/media?parent=2277"}],"wp:term":[{"taxonomy":"product_brand","embeddable":true,"href":"https:\/\/senorcraft.com\/en\/wp-json\/wp\/v2\/product_brand?post=2277"},{"taxonomy":"product_cat","embeddable":true,"href":"https:\/\/senorcraft.com\/en\/wp-json\/wp\/v2\/product_cat?post=2277"},{"taxonomy":"product_tag","embeddable":true,"href":"https:\/\/senorcraft.com\/en\/wp-json\/wp\/v2\/product_tag?post=2277"}],"curies":[{"name":"wp","href":"https:\/\/api.w.org\/{rel}","templated":true}]}}