{"id":2281,"date":"2025-01-30T01:23:33","date_gmt":"2025-01-30T01:23:33","guid":{"rendered":"https:\/\/senorcraft.com\/?post_type=product&#038;p=2281"},"modified":"2025-01-30T01:39:28","modified_gmt":"2025-01-30T01:39:28","slug":"3d-wall-stencils-for-cups","status":"publish","type":"product","link":"https:\/\/senorcraft.com\/en\/product\/3d-wall-stencils-for-cups\/","title":{"rendered":"3d wall stencils for mugs"},"content":{"rendered":"<h2>Hermoso Pack de Plantillas de pared 3d para tazas<\/h2>\n<div class=\"flex flex-grow flex-col max-w-full AIPRM__conversation__response\">\n<div class=\"min-h-[20px] text-message flex flex-col items-start whitespace-pre-wrap break-words [.text-message+&amp;]:mt-5 juice:w-full juice:items-end overflow-x-auto gap-2\" dir=\"auto\" data-message-author-role=\"assistant\" data-message-id=\"c05fa153-36ef-4ae0-bf70-910225c5b815\">\n<div class=\"flex w-full flex-col gap-1 juice:empty:hidden juice:first:pt-[3px]\">\n<div class=\"markdown prose w-full break-words dark:prose-invert light\">\n<div class=\"flex flex-grow flex-col max-w-full AIPRM__conversation__response\">\n<div class=\"min-h-[20px] text-message flex flex-col items-start whitespace-pre-wrap break-words [.text-message+&amp;]:mt-5 juice:w-full juice:items-end overflow-x-auto gap-2\" dir=\"auto\" data-message-author-role=\"assistant\" data-message-id=\"dc7b8e1e-6616-4208-841e-92ad1ff5cb57\">\n<div class=\"flex w-full flex-col gap-1 juice:empty:hidden juice:first:pt-[3px]\">\n<div class=\"markdown prose w-full break-words dark:prose-invert light\">\n<div class=\"flex flex-grow flex-col max-w-full\">\n<div class=\"min-h-[20px] text-message flex flex-col items-start whitespace-pre-wrap break-words [.text-message+&amp;]:mt-5 juice:w-full juice:items-end overflow-x-auto gap-2\" dir=\"auto\" data-message-author-role=\"assistant\" data-message-id=\"3399fee5-a25a-4d72-a6b6-f644c3101849\">\n<div class=\"flex w-full flex-col gap-1 juice:empty:hidden juice:first:pt-[3px]\">\n<div class=\"markdown prose w-full break-words dark:prose-invert light\">\n<p>\ud83c\udfa8\u2728 <strong>Transforma tus tazas en obras maestras con nuestras plantillas 3D para pared<\/strong> \u2728\ud83c\udfa8<\/p>\n<p>Dale un giro espectacular a tus dise\u00f1os con efectos tridimensionales que cautivan. Perfectas para sublimaci\u00f3n, personalizaci\u00f3n y destacar con estilo. \u00a1Haz que cada sorbo cuente con una taza \u00fanica! \ud83d\ude80\ud83d\udd25 <strong>Descarga, personaliza y sorprende.<\/strong> \ud83c\udfad\u2615<\/p>\n<\/div>\n<\/div>\n<\/div>\n<\/div>\n<\/div>\n<\/div>\n<\/div>\n<\/div>\n<\/div>\n<\/div>\n<\/div>\n<\/div>\n","protected":false},"excerpt":{"rendered":"[su_list icon=\"icon: check-square\" icon_color=\"#b9a5f4\"]<\/p>\n<ul>\n<li><strong>Formato:<\/strong> PNG<\/li>\n<li><strong>Cantidad<\/strong>: 24 plantillas<\/li>\n<li><strong>Calidad:<\/strong> Alta resoluci\u00f3n<\/li>\n<li><strong>Uso:<\/strong> Personal y comercial<\/li>\n<li><strong>Descarga:<\/strong> Instant\u00e1nea<\/li>\n<li><strong>Dimensiones<\/strong>: 4000 \u00d7 1647 px<\/li>\n<li><strong>Tama\u00f1o de Archivos<\/strong>:\u00a0 125 MB<\/li>\n<li><strong>Compresi\u00f3n<\/strong>: ZIP<\/li>\n<\/ul>\n<p>[\/su_list]\n","protected":false},"featured_media":2283,"comment_status":"open","ping_status":"closed","template":"","meta":{"_acf_changed":false,"_eb_attr":"","_gspb_post_css":"","pgc_sgb_lightbox_settings":""},"product_brand":[204],"product_cat":[205],"product_tag":[236],"class_list":{"0":"post-2281","1":"product","2":"type-product","3":"status-publish","4":"has-post-thumbnail","6":"product_brand-premium","7":"product_cat-plantillas-para-tazas","8":"product_tag-plantillas-3d","10":"first","11":"instock","12":"sale","13":"downloadable","14":"virtual","15":"purchasable","16":"product-type-simple"},"acf":[],"ct_brands":[{"id":204,"name":"Premium","slug":"premium"}],"_links":{"self":[{"href":"https:\/\/senorcraft.com\/en\/wp-json\/wp\/v2\/product\/2281","targetHints":{"allow":["GET"]}}],"collection":[{"href":"https:\/\/senorcraft.com\/en\/wp-json\/wp\/v2\/product"}],"about":[{"href":"https:\/\/senorcraft.com\/en\/wp-json\/wp\/v2\/types\/product"}],"replies":[{"embeddable":true,"href":"https:\/\/senorcraft.com\/en\/wp-json\/wp\/v2\/comments?post=2281"}],"wp:featuredmedia":[{"embeddable":true,"href":"https:\/\/senorcraft.com\/en\/wp-json\/wp\/v2\/media\/2283"}],"wp:attachment":[{"href":"https:\/\/senorcraft.com\/en\/wp-json\/wp\/v2\/media?parent=2281"}],"wp:term":[{"taxonomy":"product_brand","embeddable":true,"href":"https:\/\/senorcraft.com\/en\/wp-json\/wp\/v2\/product_brand?post=2281"},{"taxonomy":"product_cat","embeddable":true,"href":"https:\/\/senorcraft.com\/en\/wp-json\/wp\/v2\/product_cat?post=2281"},{"taxonomy":"product_tag","embeddable":true,"href":"https:\/\/senorcraft.com\/en\/wp-json\/wp\/v2\/product_tag?post=2281"}],"curies":[{"name":"wp","href":"https:\/\/api.w.org\/{rel}","templated":true}]}}